{"id":1820,"date":"2023-10-18T22:28:45","date_gmt":"2023-10-19T03:28:45","guid":{"rendered":"http:\/\/imdhd.org\/redlupa\/?page_id=1820"},"modified":"2023-10-19T19:21:28","modified_gmt":"2023-10-20T00:21:28","slug":"que-es-la-ley-general-en-materia-de-desaparicion-forzada-de-personas-desaparicion-cometida-por-particulares-y-del-sistema-nacional-de-busqueda-lgd","status":"publish","type":"page","link":"https:\/\/imdhd.org\/redlupa\/que-es-la-ley-general-en-materia-de-desaparicion-forzada-de-personas-desaparicion-cometida-por-particulares-y-del-sistema-nacional-de-busqueda-lgd\/","title":{"rendered":"\u00bfQu\u00e9 es la Ley General en Materia de Desaparici\u00f3n Forzada de Personas, Desaparici\u00f3n cometida por Particulares y del Sistema Nacional de B\u00fasqueda (LGD)?"},"content":{"rendered":"\n<p>La<strong>&nbsp;Ley General en Materia de Desaparici\u00f3n Forzada de Personas, Desaparici\u00f3n Cometida por Particulares y del Sistema Nacional de B\u00fasqueda de Personas<\/strong>&nbsp;(Ley General) fue publicada en el Diario Oficial de la Federaci\u00f3n el 17 de noviembre de 2017, y entr\u00f3 en vigor el 16 de enero de 2018.&nbsp; A la fecha lleva m\u00e1s de 5 a\u00f1os de implementaci\u00f3n.<\/p>\n\n\n\n<p>Si bien la Ley no refleja todas las exigencias que las familias solicitaron para contar con mecanismos eficaces de b\u00fasqueda, investigaci\u00f3n e identificaci\u00f3n forense, es un avance significativo en la materia y corresponde a las autoridades asegurar su implementaci\u00f3n.<\/p>\n\n\n<div class=\"wp-block-image der-peq\">\n<figure class=\"alignright size-full is-resized has-lightbox\"><a href=\"https:\/\/www.imdhd.org\/publicaciones\/guias\/ley-general-en-materia-de-desaparicion-de-personas-2\/\" target=\"_blank\" rel=\"noreferrer noopener\"><img loading=\"lazy\" decoding=\"async\" src=\"https:\/\/imdhd.org\/redlupa\/wp-content\/uploads\/2023\/10\/guia-ley-general-desaparicion.jpg\" alt=\"Gu\u00eda ley general de desaparici\u00f3n\" class=\"wp-image-1937\" width=\"488\" height=\"676\" srcset=\"https:\/\/imdhd.org\/redlupa\/wp-content\/uploads\/2023\/10\/guia-ley-general-desaparicion.jpg 650w, https:\/\/imdhd.org\/redlupa\/wp-content\/uploads\/2023\/10\/guia-ley-general-desaparicion-216x300.jpg 216w\" sizes=\"auto, (max-width: 488px) 100vw, 488px\" \/><\/a><\/figure>\n<\/div>\n\n\n<p>Gracias a la Ley se unifican los criterios y se establecen responsabilidades en materia b\u00fasqueda, investigaci\u00f3n e identificaci\u00f3n.&nbsp; Sin embargo uno de los mayores retos es la coordinaci\u00f3n entre las diferentes autoridades concernidas para que cada una cumpla adecuadamente sus oblligaciones evitando la fragmentaci\u00f3n, los problemas de competencias en la investigaci\u00f3n y la coordinaci\u00f3n para la b\u00fasqueda.&nbsp;&nbsp; Adem\u00e1s, las acciones de implementaci\u00f3n pasan por la obligaci\u00f3n de la federaci\u00f3n y los estados de dotar de recursos econ\u00f3micos, t\u00e9cnicos y humanos suficientes para poner en pr\u00e1ctica, entre otros aspectos, las herramientas que soportan los registros, las bases de datos y sistemas homologados de informaci\u00f3n.<\/p>\n\n\n\n<p>El fen\u00f3meno de la desaparici\u00f3n de personas es un problema estructural que requiere acciones de Estado desde una pol\u00edtica p\u00fablica integral que atienda sus causas.\u00a0 Dicha pol\u00edtica a\u00fan no es una realidad y para lograrla es necesario que desde todos los \u00f3rdenes del Estado, la sociedad civil, las familias de personas desaparecidas, la ciudadan\u00eda en general y el acompa\u00f1amiento de la comunidad internacional, continuemos trabajando para que existe y se opere en todo el territorio.<\/p>\n\n\n\n<div class=\"wp-block-buttons is-layout-flex wp-block-buttons-is-layout-flex\">\n<div class=\"wp-block-button\"><a class=\"wp-block-button__link wp-element-button\" href=\"https:\/\/www.imdhd.org\/publicaciones\/guias\/ley-general-en-materia-de-desaparicion-de-personas-2\/\" target=\"_blank\" rel=\"noreferrer noopener\">Consulta la Gu\u00eda b\u00e1sica sobre la Ley General en Materia de Desaparici\u00f3n de Personas<\/a><\/div>\n<\/div>\n","protected":false},"excerpt":{"rendered":"<p>La&nbsp;Ley General en Materia de Desaparici\u00f3n Forzada de Personas, Desaparici\u00f3n Cometida por Particulares y del Sistema Nacional de B\u00fasqueda de Personas&nbsp;(Ley General) fue publicada en el Diario Oficial de la Federaci\u00f3n el 17 de noviembre de 2017, y entr\u00f3 en vigor el 16 de enero de 2018.&nbsp; A la fecha lleva m\u00e1s de 5 a\u00f1os&hellip; <a class=\"more-link\" href=\"https:\/\/imdhd.org\/redlupa\/que-es-la-ley-general-en-materia-de-desaparicion-forzada-de-personas-desaparicion-cometida-por-particulares-y-del-sistema-nacional-de-busqueda-lgd\/\">Seguir leyendo <span class=\"screen-reader-text\">\u00bfQu\u00e9 es la Ley General en Materia de Desaparici\u00f3n Forzada de Personas, Desaparici\u00f3n cometida por Particulares y del Sistema Nacional de B\u00fasqueda (LGD)?<\/span><\/a><\/p>\n","protected":false},"author":1,"featured_media":0,"parent":0,"menu_order":0,"comment_status":"closed","ping_status":"closed","template":"","meta":{"_acf_changed":false,"_coblocks_attr":"","_coblocks_dimensions":"","_coblocks_responsive_height":"","_coblocks_accordion_ie_support":"","_uag_custom_page_level_css":"","footnotes":""},"class_list":["post-1820","page","type-page","status-publish","hentry","entry"],"acf":[],"yoast_head":"<!-- This site is optimized with the Yoast SEO plugin v27.4 - https:\/\/yoast.com\/product\/yoast-seo-wordpress\/ -->\n<title>\u00bfQu\u00e9 es la Ley General en Materia de Desaparici\u00f3n Forzada de Personas, Desaparici\u00f3n cometida por Particulares y del Sistema Nacional de B\u00fasqueda (LGD)? - Red Lupa - Evaluamos la Ley general en materia de desaparici&oacute;n forzada<\/title>\n<meta name=\"description\" content=\"Si bien la Ley no refleja todas las exigencias que las familias solicitaron para contar con mecanismos eficaces de b\u00fasqueda, investigaci\u00f3n e identificaci\u00f3n forense, es un avance significativo en la materia y corresponde a las autoridades asegurar su implementaci\u00f3n.\" \/>\n<meta name=\"robots\" content=\"index, follow, max-snippet:-1, max-image-preview:large, max-video-preview:-1\" \/>\n<link rel=\"canonical\" href=\"https:\/\/imdhd.org\/redlupa\/que-es-la-ley-general-en-materia-de-desaparicion-forzada-de-personas-desaparicion-cometida-por-particulares-y-del-sistema-nacional-de-busqueda-lgd\/\" \/>\n<meta property=\"og:locale\" content=\"es_ES\" \/>\n<meta property=\"og:type\" content=\"article\" \/>\n<meta property=\"og:title\" content=\"\u00bfQu\u00e9 es la Ley General en Materia de Desaparici\u00f3n Forzada de Personas, Desaparici\u00f3n cometida por Particulares y del Sistema Nacional de B\u00fasqueda (LGD)? - Red Lupa - Evaluamos la Ley general en materia de desaparici&oacute;n forzada\" \/>\n<meta property=\"og:description\" content=\"Si bien la Ley no refleja todas las exigencias que las familias solicitaron para contar con mecanismos eficaces de b\u00fasqueda, investigaci\u00f3n e identificaci\u00f3n forense, es un avance significativo en la materia y corresponde a las autoridades asegurar su implementaci\u00f3n.\" \/>\n<meta property=\"og:url\" content=\"https:\/\/imdhd.org\/redlupa\/que-es-la-ley-general-en-materia-de-desaparicion-forzada-de-personas-desaparicion-cometida-por-particulares-y-del-sistema-nacional-de-busqueda-lgd\/\" \/>\n<meta property=\"og:site_name\" content=\"Red Lupa - Evaluamos la Ley general en materia de desaparici&oacute;n forzada\" \/>\n<meta property=\"article:modified_time\" content=\"2023-10-20T00:21:28+00:00\" \/>\n<meta property=\"og:image\" content=\"http:\/\/imdhd.org\/redlupa\/wp-content\/uploads\/2023\/10\/guia-ley-general-desaparicion.jpg\" \/>\n<meta name=\"twitter:card\" content=\"summary_large_image\" \/>\n<meta name=\"twitter:label1\" content=\"Tiempo de lectura\" \/>\n\t<meta name=\"twitter:data1\" content=\"2 minutos\" \/>\n<script type=\"application\/ld+json\" class=\"yoast-schema-graph\">{\"@context\":\"https:\\\/\\\/schema.org\",\"@graph\":[{\"@type\":\"WebPage\",\"@id\":\"https:\\\/\\\/imdhd.org\\\/redlupa\\\/que-es-la-ley-general-en-materia-de-desaparicion-forzada-de-personas-desaparicion-cometida-por-particulares-y-del-sistema-nacional-de-busqueda-lgd\\\/\",\"url\":\"https:\\\/\\\/imdhd.org\\\/redlupa\\\/que-es-la-ley-general-en-materia-de-desaparicion-forzada-de-personas-desaparicion-cometida-por-particulares-y-del-sistema-nacional-de-busqueda-lgd\\\/\",\"name\":\"\u00bfQu\u00e9 es la Ley General en Materia de Desaparici\u00f3n Forzada de Personas, Desaparici\u00f3n cometida por Particulares y del Sistema Nacional de B\u00fasqueda (LGD)? - Red Lupa - Evaluamos la Ley general en materia de desaparici&oacute;n forzada\",\"isPartOf\":{\"@id\":\"https:\\\/\\\/imdhd.org\\\/redlupa\\\/#website\"},\"primaryImageOfPage\":{\"@id\":\"https:\\\/\\\/imdhd.org\\\/redlupa\\\/que-es-la-ley-general-en-materia-de-desaparicion-forzada-de-personas-desaparicion-cometida-por-particulares-y-del-sistema-nacional-de-busqueda-lgd\\\/#primaryimage\"},\"image\":{\"@id\":\"https:\\\/\\\/imdhd.org\\\/redlupa\\\/que-es-la-ley-general-en-materia-de-desaparicion-forzada-de-personas-desaparicion-cometida-por-particulares-y-del-sistema-nacional-de-busqueda-lgd\\\/#primaryimage\"},\"thumbnailUrl\":\"http:\\\/\\\/imdhd.org\\\/redlupa\\\/wp-content\\\/uploads\\\/2023\\\/10\\\/guia-ley-general-desaparicion.jpg\",\"datePublished\":\"2023-10-19T03:28:45+00:00\",\"dateModified\":\"2023-10-20T00:21:28+00:00\",\"description\":\"Si bien la Ley no refleja todas las exigencias que las familias solicitaron para contar con mecanismos eficaces de b\u00fasqueda, investigaci\u00f3n e identificaci\u00f3n forense, es un avance significativo en la materia y corresponde a las autoridades asegurar su implementaci\u00f3n.\",\"breadcrumb\":{\"@id\":\"https:\\\/\\\/imdhd.org\\\/redlupa\\\/que-es-la-ley-general-en-materia-de-desaparicion-forzada-de-personas-desaparicion-cometida-por-particulares-y-del-sistema-nacional-de-busqueda-lgd\\\/#breadcrumb\"},\"inLanguage\":\"es\",\"potentialAction\":[{\"@type\":\"ReadAction\",\"target\":[\"https:\\\/\\\/imdhd.org\\\/redlupa\\\/que-es-la-ley-general-en-materia-de-desaparicion-forzada-de-personas-desaparicion-cometida-por-particulares-y-del-sistema-nacional-de-busqueda-lgd\\\/\"]}]},{\"@type\":\"ImageObject\",\"inLanguage\":\"es\",\"@id\":\"https:\\\/\\\/imdhd.org\\\/redlupa\\\/que-es-la-ley-general-en-materia-de-desaparicion-forzada-de-personas-desaparicion-cometida-por-particulares-y-del-sistema-nacional-de-busqueda-lgd\\\/#primaryimage\",\"url\":\"https:\\\/\\\/imdhd.org\\\/redlupa\\\/wp-content\\\/uploads\\\/2023\\\/10\\\/guia-ley-general-desaparicion.jpg\",\"contentUrl\":\"https:\\\/\\\/imdhd.org\\\/redlupa\\\/wp-content\\\/uploads\\\/2023\\\/10\\\/guia-ley-general-desaparicion.jpg\",\"width\":650,\"height\":901,\"caption\":\"Gu\u00eda ley general de desaparici\u00f3n\"},{\"@type\":\"BreadcrumbList\",\"@id\":\"https:\\\/\\\/imdhd.org\\\/redlupa\\\/que-es-la-ley-general-en-materia-de-desaparicion-forzada-de-personas-desaparicion-cometida-por-particulares-y-del-sistema-nacional-de-busqueda-lgd\\\/#breadcrumb\",\"itemListElement\":[{\"@type\":\"ListItem\",\"position\":1,\"name\":\"Portada\",\"item\":\"https:\\\/\\\/imdhd.org\\\/redlupa\\\/\"},{\"@type\":\"ListItem\",\"position\":2,\"name\":\"\u00bfQu\u00e9 es la Ley General en Materia de Desaparici\u00f3n Forzada de Personas, Desaparici\u00f3n cometida por Particulares y del Sistema Nacional de B\u00fasqueda (LGD)?\"}]},{\"@type\":\"WebSite\",\"@id\":\"https:\\\/\\\/imdhd.org\\\/redlupa\\\/#website\",\"url\":\"https:\\\/\\\/imdhd.org\\\/redlupa\\\/\",\"name\":\"Red Lupa - Evaluamos la Ley general en materia de desaparici&oacute;n forzada\",\"description\":\"Seguimiento y vigilancia de la Ley general en materia de desaparici&oacute;n forzada de personas, desaparici&oacute;n cometida por particulares y del sistema nacional de b&uacute;squeda de personas\",\"publisher\":{\"@id\":\"https:\\\/\\\/imdhd.org\\\/redlupa\\\/#organization\"},\"potentialAction\":[{\"@type\":\"SearchAction\",\"target\":{\"@type\":\"EntryPoint\",\"urlTemplate\":\"https:\\\/\\\/imdhd.org\\\/redlupa\\\/?s={search_term_string}\"},\"query-input\":{\"@type\":\"PropertyValueSpecification\",\"valueRequired\":true,\"valueName\":\"search_term_string\"}}],\"inLanguage\":\"es\"},{\"@type\":\"Organization\",\"@id\":\"https:\\\/\\\/imdhd.org\\\/redlupa\\\/#organization\",\"name\":\"IMDHD\",\"url\":\"https:\\\/\\\/imdhd.org\\\/redlupa\\\/\",\"logo\":{\"@type\":\"ImageObject\",\"inLanguage\":\"es\",\"@id\":\"https:\\\/\\\/imdhd.org\\\/redlupa\\\/#\\\/schema\\\/logo\\\/image\\\/\",\"url\":\"http:\\\/\\\/imdhd.org\\\/redlupa\\\/wp-content\\\/uploads\\\/2023\\\/08\\\/logo-red-busqueda-bordes-colores.svg\",\"contentUrl\":\"http:\\\/\\\/imdhd.org\\\/redlupa\\\/wp-content\\\/uploads\\\/2023\\\/08\\\/logo-red-busqueda-bordes-colores.svg\",\"width\":1,\"height\":1,\"caption\":\"IMDHD\"},\"image\":{\"@id\":\"https:\\\/\\\/imdhd.org\\\/redlupa\\\/#\\\/schema\\\/logo\\\/image\\\/\"}}]}<\/script>\n<!-- \/ Yoast SEO plugin. -->","yoast_head_json":{"title":"\u00bfQu\u00e9 es la Ley General en Materia de Desaparici\u00f3n Forzada de Personas, Desaparici\u00f3n cometida por Particulares y del Sistema Nacional de B\u00fasqueda (LGD)? - Red Lupa - Evaluamos la Ley general en materia de desaparici&oacute;n forzada","description":"Si bien la Ley no refleja todas las exigencias que las familias solicitaron para contar con mecanismos eficaces de b\u00fasqueda, investigaci\u00f3n e identificaci\u00f3n forense, es un avance significativo en la materia y corresponde a las autoridades asegurar su implementaci\u00f3n.","robots":{"index":"index","follow":"follow","max-snippet":"max-snippet:-1","max-image-preview":"max-image-preview:large","max-video-preview":"max-video-preview:-1"},"canonical":"https:\/\/imdhd.org\/redlupa\/que-es-la-ley-general-en-materia-de-desaparicion-forzada-de-personas-desaparicion-cometida-por-particulares-y-del-sistema-nacional-de-busqueda-lgd\/","og_locale":"es_ES","og_type":"article","og_title":"\u00bfQu\u00e9 es la Ley General en Materia de Desaparici\u00f3n Forzada de Personas, Desaparici\u00f3n cometida por Particulares y del Sistema Nacional de B\u00fasqueda (LGD)? - Red Lupa - Evaluamos la Ley general en materia de desaparici&oacute;n forzada","og_description":"Si bien la Ley no refleja todas las exigencias que las familias solicitaron para contar con mecanismos eficaces de b\u00fasqueda, investigaci\u00f3n e identificaci\u00f3n forense, es un avance significativo en la materia y corresponde a las autoridades asegurar su implementaci\u00f3n.","og_url":"https:\/\/imdhd.org\/redlupa\/que-es-la-ley-general-en-materia-de-desaparicion-forzada-de-personas-desaparicion-cometida-por-particulares-y-del-sistema-nacional-de-busqueda-lgd\/","og_site_name":"Red Lupa - Evaluamos la Ley general en materia de desaparici&oacute;n forzada","article_modified_time":"2023-10-20T00:21:28+00:00","og_image":[{"url":"http:\/\/imdhd.org\/redlupa\/wp-content\/uploads\/2023\/10\/guia-ley-general-desaparicion.jpg","type":"","width":"","height":""}],"twitter_card":"summary_large_image","twitter_misc":{"Tiempo de lectura":"2 minutos"},"schema":{"@context":"https:\/\/schema.org","@graph":[{"@type":"WebPage","@id":"https:\/\/imdhd.org\/redlupa\/que-es-la-ley-general-en-materia-de-desaparicion-forzada-de-personas-desaparicion-cometida-por-particulares-y-del-sistema-nacional-de-busqueda-lgd\/","url":"https:\/\/imdhd.org\/redlupa\/que-es-la-ley-general-en-materia-de-desaparicion-forzada-de-personas-desaparicion-cometida-por-particulares-y-del-sistema-nacional-de-busqueda-lgd\/","name":"\u00bfQu\u00e9 es la Ley General en Materia de Desaparici\u00f3n Forzada de Personas, Desaparici\u00f3n cometida por Particulares y del Sistema Nacional de B\u00fasqueda (LGD)? - Red Lupa - Evaluamos la Ley general en materia de desaparici&oacute;n forzada","isPartOf":{"@id":"https:\/\/imdhd.org\/redlupa\/#website"},"primaryImageOfPage":{"@id":"https:\/\/imdhd.org\/redlupa\/que-es-la-ley-general-en-materia-de-desaparicion-forzada-de-personas-desaparicion-cometida-por-particulares-y-del-sistema-nacional-de-busqueda-lgd\/#primaryimage"},"image":{"@id":"https:\/\/imdhd.org\/redlupa\/que-es-la-ley-general-en-materia-de-desaparicion-forzada-de-personas-desaparicion-cometida-por-particulares-y-del-sistema-nacional-de-busqueda-lgd\/#primaryimage"},"thumbnailUrl":"http:\/\/imdhd.org\/redlupa\/wp-content\/uploads\/2023\/10\/guia-ley-general-desaparicion.jpg","datePublished":"2023-10-19T03:28:45+00:00","dateModified":"2023-10-20T00:21:28+00:00","description":"Si bien la Ley no refleja todas las exigencias que las familias solicitaron para contar con mecanismos eficaces de b\u00fasqueda, investigaci\u00f3n e identificaci\u00f3n forense, es un avance significativo en la materia y corresponde a las autoridades asegurar su implementaci\u00f3n.","breadcrumb":{"@id":"https:\/\/imdhd.org\/redlupa\/que-es-la-ley-general-en-materia-de-desaparicion-forzada-de-personas-desaparicion-cometida-por-particulares-y-del-sistema-nacional-de-busqueda-lgd\/#breadcrumb"},"inLanguage":"es","potentialAction":[{"@type":"ReadAction","target":["https:\/\/imdhd.org\/redlupa\/que-es-la-ley-general-en-materia-de-desaparicion-forzada-de-personas-desaparicion-cometida-por-particulares-y-del-sistema-nacional-de-busqueda-lgd\/"]}]},{"@type":"ImageObject","inLanguage":"es","@id":"https:\/\/imdhd.org\/redlupa\/que-es-la-ley-general-en-materia-de-desaparicion-forzada-de-personas-desaparicion-cometida-por-particulares-y-del-sistema-nacional-de-busqueda-lgd\/#primaryimage","url":"https:\/\/imdhd.org\/redlupa\/wp-content\/uploads\/2023\/10\/guia-ley-general-desaparicion.jpg","contentUrl":"https:\/\/imdhd.org\/redlupa\/wp-content\/uploads\/2023\/10\/guia-ley-general-desaparicion.jpg","width":650,"height":901,"caption":"Gu\u00eda ley general de desaparici\u00f3n"},{"@type":"BreadcrumbList","@id":"https:\/\/imdhd.org\/redlupa\/que-es-la-ley-general-en-materia-de-desaparicion-forzada-de-personas-desaparicion-cometida-por-particulares-y-del-sistema-nacional-de-busqueda-lgd\/#breadcrumb","itemListElement":[{"@type":"ListItem","position":1,"name":"Portada","item":"https:\/\/imdhd.org\/redlupa\/"},{"@type":"ListItem","position":2,"name":"\u00bfQu\u00e9 es la Ley General en Materia de Desaparici\u00f3n Forzada de Personas, Desaparici\u00f3n cometida por Particulares y del Sistema Nacional de B\u00fasqueda (LGD)?"}]},{"@type":"WebSite","@id":"https:\/\/imdhd.org\/redlupa\/#website","url":"https:\/\/imdhd.org\/redlupa\/","name":"Red Lupa - Evaluamos la Ley general en materia de desaparici&oacute;n forzada","description":"Seguimiento y vigilancia de la Ley general en materia de desaparici&oacute;n forzada de personas, desaparici&oacute;n cometida por particulares y del sistema nacional de b&uacute;squeda de personas","publisher":{"@id":"https:\/\/imdhd.org\/redlupa\/#organization"},"potentialAction":[{"@type":"SearchAction","target":{"@type":"EntryPoint","urlTemplate":"https:\/\/imdhd.org\/redlupa\/?s={search_term_string}"},"query-input":{"@type":"PropertyValueSpecification","valueRequired":true,"valueName":"search_term_string"}}],"inLanguage":"es"},{"@type":"Organization","@id":"https:\/\/imdhd.org\/redlupa\/#organization","name":"IMDHD","url":"https:\/\/imdhd.org\/redlupa\/","logo":{"@type":"ImageObject","inLanguage":"es","@id":"https:\/\/imdhd.org\/redlupa\/#\/schema\/logo\/image\/","url":"http:\/\/imdhd.org\/redlupa\/wp-content\/uploads\/2023\/08\/logo-red-busqueda-bordes-colores.svg","contentUrl":"http:\/\/imdhd.org\/redlupa\/wp-content\/uploads\/2023\/08\/logo-red-busqueda-bordes-colores.svg","width":1,"height":1,"caption":"IMDHD"},"image":{"@id":"https:\/\/imdhd.org\/redlupa\/#\/schema\/logo\/image\/"}}]}},"uagb_featured_image_src":{"full":false,"thumbnail":false,"medium":false,"medium_large":false,"large":false,"1536x1536":false,"2048x2048":false,"post-thumbnail":false},"uagb_author_info":{"display_name":"admin","author_link":"https:\/\/imdhd.org\/redlupa\/author\/admin\/"},"uagb_comment_info":0,"uagb_excerpt":"La&nbsp;Ley General en Materia de Desaparici\u00f3n Forzada de Personas, Desaparici\u00f3n Cometida por Particulares y del Sistema Nacional de B\u00fasqueda de Personas&nbsp;(Ley General) fue publicada en el Diario Oficial de la Federaci\u00f3n el 17 de noviembre de 2017, y entr\u00f3 en vigor el 16 de enero de 2018.&nbsp; A la fecha lleva m\u00e1s de 5 a\u00f1os&hellip;&hellip;","_links":{"self":[{"href":"https:\/\/imdhd.org\/redlupa\/wp-json\/wp\/v2\/pages\/1820","targetHints":{"allow":["GET"]}}],"collection":[{"href":"https:\/\/imdhd.org\/redlupa\/wp-json\/wp\/v2\/pages"}],"about":[{"href":"https:\/\/imdhd.org\/redlupa\/wp-json\/wp\/v2\/types\/page"}],"author":[{"embeddable":true,"href":"https:\/\/imdhd.org\/redlupa\/wp-json\/wp\/v2\/users\/1"}],"replies":[{"embeddable":true,"href":"https:\/\/imdhd.org\/redlupa\/wp-json\/wp\/v2\/comments?post=1820"}],"version-history":[{"count":10,"href":"https:\/\/imdhd.org\/redlupa\/wp-json\/wp\/v2\/pages\/1820\/revisions"}],"predecessor-version":[{"id":1944,"href":"https:\/\/imdhd.org\/redlupa\/wp-json\/wp\/v2\/pages\/1820\/revisions\/1944"}],"wp:attachment":[{"href":"https:\/\/imdhd.org\/redlupa\/wp-json\/wp\/v2\/media?parent=1820"}],"curies":[{"name":"wp","href":"https:\/\/api.w.org\/{rel}","templated":true}]}}