{"id":2284,"date":"2023-10-20T16:14:08","date_gmt":"2023-10-20T21:14:08","guid":{"rendered":"http:\/\/imdhd.org\/redlupa\/?page_id=2284"},"modified":"2023-10-20T16:32:38","modified_gmt":"2023-10-20T21:32:38","slug":"sigamos-construyendo-nuestra-red","status":"publish","type":"page","link":"https:\/\/imdhd.org\/redlupa\/sigamos-construyendo-nuestra-red\/","title":{"rendered":"Sigamos construyendo nuestra Red"},"content":{"rendered":"\n<p><strong>Queremos saber qu\u00e9 te gustar\u00eda seguir encontrando en esta red virtual. Creemos que la diversidad de voces y aportes es lo que hace que esta red sea un lugar tan valioso para el intercambio de ideas y la colaboraci\u00f3n.<\/strong><\/p>\n\n\n\n<div style=\"height:4vw\" aria-hidden=\"true\" class=\"wp-block-spacer uag-hide-mob\"><\/div>\n\n\n\n<div class=\"wp-block-columns alignfull are-vertically-aligned-top margen-negativo is-layout-flex wp-container-core-columns-is-layout-53642b31 wp-block-columns-is-layout-flex\" style=\"padding-top:0;padding-right:0;padding-bottom:0;padding-left:0\">\n<div class=\"wp-block-column is-vertically-aligned-top is-layout-flow wp-block-column-is-layout-flow\" style=\"padding-top:0;padding-right:0;padding-bottom:0;padding-left:0;flex-basis:33.33%\">\n<div class=\"wp-block-group has-background\" style=\"background-color:#f5f5f5b8\"><div class=\"wp-block-group__inner-container is-layout-constrained wp-block-group-is-layout-constrained\">\n<h2 class=\"wp-block-heading has-text-align-center\">\u00bfQu\u00e9 te gustar\u00eda encontrar en la Red?<\/h2>\n\n\n\n<p class=\"has-text-align-center\">Queremos que nuestra Red sea el mejor lugar para conectar, compartir y hacerle seguimiento a la Ley. Para lograrlo, necesitamos su ayuda. Queremos conocer sus ideas sobre lo que les gustar\u00eda encontrar en nuestra plataforma.<\/p>\n\n\n\n<div class=\"wp-block-buttons is-content-justification-center is-layout-flex wp-container-core-buttons-is-layout-16018d1d wp-block-buttons-is-layout-flex\">\n<div class=\"wp-block-button has-custom-width wp-block-button__width-100\"><a class=\"wp-block-button__link has-blanco-color has-text-color has-background wp-element-button\" href=\"https:\/\/imdhd.org\/redlupa\/que-te-gustaria-encontrar-en-la-red\/\" style=\"border-radius:1vw;background-color:#45214ac7\">Comparte tus ideas<\/a><\/div>\n<\/div>\n<\/div><\/div>\n<\/div>\n\n\n\n<div class=\"wp-block-column is-vertically-aligned-top is-layout-flow wp-block-column-is-layout-flow\" style=\"padding-top:0;padding-right:0;padding-bottom:0;padding-left:0;flex-basis:33.33%\">\n<div class=\"wp-block-group has-background\" style=\"background-color:#f5f5f5b8\"><div class=\"wp-block-group__inner-container is-layout-constrained wp-block-group-is-layout-constrained\">\n<h2 class=\"wp-block-heading has-text-align-center\">\u00bfTienes alg\u00fan evento o actividad que quisieras anunciar?<\/h2>\n\n\n\n<p class=\"has-text-align-center\">Nos encantar\u00eda que aproveches este espacio para difundir tus ideas, proyectos y experiencias.<\/p>\n\n\n\n<div class=\"wp-block-buttons is-content-justification-center is-layout-flex wp-container-core-buttons-is-layout-16018d1d wp-block-buttons-is-layout-flex\">\n<div class=\"wp-block-button has-custom-width wp-block-button__width-100\"><a class=\"wp-block-button__link has-blanco-color has-color-1-background-color has-text-color has-background wp-element-button\" href=\"https:\/\/imdhd.org\/redlupa\/tienes-algun-evento-o-actividad-que-quisieras-anunciar\/\" style=\"border-radius:1vw\">Anuncia tu evento<\/a><\/div>\n<\/div>\n<\/div><\/div>\n<\/div>\n\n\n\n<div class=\"wp-block-column is-vertically-aligned-top is-layout-flow wp-block-column-is-layout-flow\" style=\"padding-top:0;flex-basis:33.33%\">\n<div class=\"wp-block-group has-background\" style=\"background-color:#f5f5f5b8\"><div class=\"wp-block-group__inner-container is-layout-constrained wp-block-group-is-layout-constrained\">\n<h2 class=\"wp-block-heading has-text-align-center\">\u00bfQuieres escribir o que escribamos sobre alg\u00fan tema?<\/h2>\n\n\n\n<p class=\"has-text-align-center\">Cu\u00e9ntanos qu\u00e9 tema consideras relevantes actualmente sobre los temas que manejamos en la Red, para ser publicados en la secci\u00f3n <a href=\"https:\/\/imdhd.org\/redlupa\/category\/avance-de-la-ley-general-de-busqueda\/\">\u00abDe inter\u00e9s\u00bb<\/a><\/p>\n\n\n\n<div class=\"wp-block-buttons is-content-justification-center is-layout-flex wp-container-core-buttons-is-layout-16018d1d wp-block-buttons-is-layout-flex\">\n<div class=\"wp-block-button has-custom-width wp-block-button__width-100\"><a class=\"wp-block-button__link has-blanco-color has-color-1-background-color has-text-color has-background wp-element-button\" href=\"https:\/\/imdhd.org\/redlupa\/recomendaciones-sobre-temas-relevantes-a-la-ley-de-personas-desaparecidas-en-mexico\/\" style=\"border-radius:1vw\">Cu\u00e9ntanos<\/a><\/div>\n<\/div>\n<\/div><\/div>\n<\/div>\n<\/div>\n\n\n\n<div style=\"height:7vw\" aria-hidden=\"true\" class=\"wp-block-spacer\"><\/div>\n\n\n\n<div class=\"wp-block-columns alignwide margen-negativo is-layout-flex wp-container-core-columns-is-layout-9d6595d7 wp-block-columns-is-layout-flex\">\n<div class=\"wp-block-column uag-hide-mob is-layout-flow wp-block-column-is-layout-flow\">\n<figure class=\"wp-block-image alignfull size-full\"><img decoding=\"async\" src=\"https:\/\/imdhd.org\/redlupa\/wp-content\/uploads\/2023\/07\/lupa-separador-2.svg\" alt=\"\" class=\"wp-image-67\"\/><\/figure>\n<\/div>\n\n\n\n<div class=\"wp-block-column is-layout-flow wp-block-column-is-layout-flow\" style=\"flex-basis:70%\">\n<blockquote class=\"wp-block-quote has-text-align-center is-layout-flow wp-block-quote-is-layout-flow\">\n<p><strong>Recuerda, la construcci\u00f3n de una Red ciudadana exitosa depende de la participaci\u00f3n y colaboraci\u00f3n de todas y todos sus integrantes. \u00a1Tu ayuda es crucial para lograrlo!<\/strong><\/p>\n<\/blockquote>\n<\/div>\n\n\n\n<div class=\"wp-block-column uag-hide-mob is-layout-flow wp-block-column-is-layout-flow\">\n<figure class=\"wp-block-image alignfull size-full\"><img decoding=\"async\" src=\"https:\/\/imdhd.org\/redlupa\/wp-content\/uploads\/2023\/07\/lupa-separador.svg\" alt=\"\" class=\"wp-image-68\"\/><\/figure>\n<\/div>\n<\/div>\n","protected":false},"excerpt":{"rendered":"<p>Queremos saber qu\u00e9 te gustar\u00eda seguir encontrando en esta red virtual. Creemos que la diversidad de voces y aportes es lo que hace que esta red sea un lugar tan valioso para el intercambio de ideas y la colaboraci\u00f3n. \u00bfQu\u00e9 te gustar\u00eda encontrar en la Red? Queremos que nuestra Red sea el mejor lugar para&hellip; <a class=\"more-link\" href=\"https:\/\/imdhd.org\/redlupa\/sigamos-construyendo-nuestra-red\/\">Seguir leyendo <span class=\"screen-reader-text\">Sigamos construyendo nuestra Red<\/span><\/a><\/p>\n","protected":false},"author":1,"featured_media":2305,"parent":0,"menu_order":0,"comment_status":"closed","ping_status":"closed","template":"","meta":{"_acf_changed":false,"_coblocks_attr":"","_coblocks_dimensions":"","_coblocks_responsive_height":"","_coblocks_accordion_ie_support":"","_uag_custom_page_level_css":"","footnotes":""},"class_list":["post-2284","page","type-page","status-publish","has-post-thumbnail","hentry","entry"],"acf":[],"yoast_head":"<!-- This site is optimized with the Yoast SEO plugin v27.4 - https:\/\/yoast.com\/product\/yoast-seo-wordpress\/ -->\n<title>Sigamos construyendo nuestra Red - Red Lupa - Evaluamos la Ley general en materia de desaparici&oacute;n forzada<\/title>\n<meta name=\"robots\" content=\"index, follow, max-snippet:-1, max-image-preview:large, max-video-preview:-1\" \/>\n<link rel=\"canonical\" href=\"https:\/\/imdhd.org\/redlupa\/sigamos-construyendo-nuestra-red\/\" \/>\n<meta property=\"og:locale\" content=\"es_ES\" \/>\n<meta property=\"og:type\" content=\"article\" \/>\n<meta property=\"og:title\" content=\"Sigamos construyendo nuestra Red - Red Lupa - Evaluamos la Ley general en materia de desaparici&oacute;n forzada\" \/>\n<meta property=\"og:description\" content=\"Queremos saber qu\u00e9 te gustar\u00eda seguir encontrando en esta red virtual. Creemos que la diversidad de voces y aportes es lo que hace que esta red sea un lugar tan valioso para el intercambio de ideas y la colaboraci\u00f3n. \u00bfQu\u00e9 te gustar\u00eda encontrar en la Red? Queremos que nuestra Red sea el mejor lugar para&hellip; Seguir leyendo Sigamos construyendo nuestra Red\" \/>\n<meta property=\"og:url\" content=\"https:\/\/imdhd.org\/redlupa\/sigamos-construyendo-nuestra-red\/\" \/>\n<meta property=\"og:site_name\" content=\"Red Lupa - Evaluamos la Ley general en materia de desaparici&oacute;n forzada\" \/>\n<meta property=\"article:modified_time\" content=\"2023-10-20T21:32:38+00:00\" \/>\n<meta name=\"twitter:card\" content=\"summary_large_image\" \/>\n<meta name=\"twitter:label1\" content=\"Tiempo de lectura\" \/>\n\t<meta name=\"twitter:data1\" content=\"2 minutos\" \/>\n<script type=\"application\/ld+json\" class=\"yoast-schema-graph\">{\"@context\":\"https:\\\/\\\/schema.org\",\"@graph\":[{\"@type\":\"WebPage\",\"@id\":\"https:\\\/\\\/imdhd.org\\\/redlupa\\\/sigamos-construyendo-nuestra-red\\\/\",\"url\":\"https:\\\/\\\/imdhd.org\\\/redlupa\\\/sigamos-construyendo-nuestra-red\\\/\",\"name\":\"Sigamos construyendo nuestra Red - Red Lupa - Evaluamos la Ley general en materia de desaparici&oacute;n forzada\",\"isPartOf\":{\"@id\":\"https:\\\/\\\/imdhd.org\\\/redlupa\\\/#website\"},\"primaryImageOfPage\":{\"@id\":\"https:\\\/\\\/imdhd.org\\\/redlupa\\\/sigamos-construyendo-nuestra-red\\\/#primaryimage\"},\"image\":{\"@id\":\"https:\\\/\\\/imdhd.org\\\/redlupa\\\/sigamos-construyendo-nuestra-red\\\/#primaryimage\"},\"thumbnailUrl\":\"https:\\\/\\\/imdhd.org\\\/redlupa\\\/wp-content\\\/uploads\\\/2023\\\/10\\\/lupitas-1.svg\",\"datePublished\":\"2023-10-20T21:14:08+00:00\",\"dateModified\":\"2023-10-20T21:32:38+00:00\",\"breadcrumb\":{\"@id\":\"https:\\\/\\\/imdhd.org\\\/redlupa\\\/sigamos-construyendo-nuestra-red\\\/#breadcrumb\"},\"inLanguage\":\"es\",\"potentialAction\":[{\"@type\":\"ReadAction\",\"target\":[\"https:\\\/\\\/imdhd.org\\\/redlupa\\\/sigamos-construyendo-nuestra-red\\\/\"]}]},{\"@type\":\"ImageObject\",\"inLanguage\":\"es\",\"@id\":\"https:\\\/\\\/imdhd.org\\\/redlupa\\\/sigamos-construyendo-nuestra-red\\\/#primaryimage\",\"url\":\"https:\\\/\\\/imdhd.org\\\/redlupa\\\/wp-content\\\/uploads\\\/2023\\\/10\\\/lupitas-1.svg\",\"contentUrl\":\"https:\\\/\\\/imdhd.org\\\/redlupa\\\/wp-content\\\/uploads\\\/2023\\\/10\\\/lupitas-1.svg\"},{\"@type\":\"BreadcrumbList\",\"@id\":\"https:\\\/\\\/imdhd.org\\\/redlupa\\\/sigamos-construyendo-nuestra-red\\\/#breadcrumb\",\"itemListElement\":[{\"@type\":\"ListItem\",\"position\":1,\"name\":\"Portada\",\"item\":\"https:\\\/\\\/imdhd.org\\\/redlupa\\\/\"},{\"@type\":\"ListItem\",\"position\":2,\"name\":\"Sigamos construyendo nuestra Red\"}]},{\"@type\":\"WebSite\",\"@id\":\"https:\\\/\\\/imdhd.org\\\/redlupa\\\/#website\",\"url\":\"https:\\\/\\\/imdhd.org\\\/redlupa\\\/\",\"name\":\"Red Lupa - Evaluamos la Ley general en materia de desaparici&oacute;n forzada\",\"description\":\"Seguimiento y vigilancia de la Ley general en materia de desaparici&oacute;n forzada de personas, desaparici&oacute;n cometida por particulares y del sistema nacional de b&uacute;squeda de personas\",\"publisher\":{\"@id\":\"https:\\\/\\\/imdhd.org\\\/redlupa\\\/#organization\"},\"potentialAction\":[{\"@type\":\"SearchAction\",\"target\":{\"@type\":\"EntryPoint\",\"urlTemplate\":\"https:\\\/\\\/imdhd.org\\\/redlupa\\\/?s={search_term_string}\"},\"query-input\":{\"@type\":\"PropertyValueSpecification\",\"valueRequired\":true,\"valueName\":\"search_term_string\"}}],\"inLanguage\":\"es\"},{\"@type\":\"Organization\",\"@id\":\"https:\\\/\\\/imdhd.org\\\/redlupa\\\/#organization\",\"name\":\"IMDHD\",\"url\":\"https:\\\/\\\/imdhd.org\\\/redlupa\\\/\",\"logo\":{\"@type\":\"ImageObject\",\"inLanguage\":\"es\",\"@id\":\"https:\\\/\\\/imdhd.org\\\/redlupa\\\/#\\\/schema\\\/logo\\\/image\\\/\",\"url\":\"http:\\\/\\\/imdhd.org\\\/redlupa\\\/wp-content\\\/uploads\\\/2023\\\/08\\\/logo-red-busqueda-bordes-colores.svg\",\"contentUrl\":\"http:\\\/\\\/imdhd.org\\\/redlupa\\\/wp-content\\\/uploads\\\/2023\\\/08\\\/logo-red-busqueda-bordes-colores.svg\",\"width\":1,\"height\":1,\"caption\":\"IMDHD\"},\"image\":{\"@id\":\"https:\\\/\\\/imdhd.org\\\/redlupa\\\/#\\\/schema\\\/logo\\\/image\\\/\"}}]}<\/script>\n<!-- \/ Yoast SEO plugin. -->","yoast_head_json":{"title":"Sigamos construyendo nuestra Red - Red Lupa - Evaluamos la Ley general en materia de desaparici&oacute;n forzada","robots":{"index":"index","follow":"follow","max-snippet":"max-snippet:-1","max-image-preview":"max-image-preview:large","max-video-preview":"max-video-preview:-1"},"canonical":"https:\/\/imdhd.org\/redlupa\/sigamos-construyendo-nuestra-red\/","og_locale":"es_ES","og_type":"article","og_title":"Sigamos construyendo nuestra Red - Red Lupa - Evaluamos la Ley general en materia de desaparici&oacute;n forzada","og_description":"Queremos saber qu\u00e9 te gustar\u00eda seguir encontrando en esta red virtual. Creemos que la diversidad de voces y aportes es lo que hace que esta red sea un lugar tan valioso para el intercambio de ideas y la colaboraci\u00f3n. \u00bfQu\u00e9 te gustar\u00eda encontrar en la Red? Queremos que nuestra Red sea el mejor lugar para&hellip; Seguir leyendo Sigamos construyendo nuestra Red","og_url":"https:\/\/imdhd.org\/redlupa\/sigamos-construyendo-nuestra-red\/","og_site_name":"Red Lupa - Evaluamos la Ley general en materia de desaparici&oacute;n forzada","article_modified_time":"2023-10-20T21:32:38+00:00","twitter_card":"summary_large_image","twitter_misc":{"Tiempo de lectura":"2 minutos"},"schema":{"@context":"https:\/\/schema.org","@graph":[{"@type":"WebPage","@id":"https:\/\/imdhd.org\/redlupa\/sigamos-construyendo-nuestra-red\/","url":"https:\/\/imdhd.org\/redlupa\/sigamos-construyendo-nuestra-red\/","name":"Sigamos construyendo nuestra Red - Red Lupa - Evaluamos la Ley general en materia de desaparici&oacute;n forzada","isPartOf":{"@id":"https:\/\/imdhd.org\/redlupa\/#website"},"primaryImageOfPage":{"@id":"https:\/\/imdhd.org\/redlupa\/sigamos-construyendo-nuestra-red\/#primaryimage"},"image":{"@id":"https:\/\/imdhd.org\/redlupa\/sigamos-construyendo-nuestra-red\/#primaryimage"},"thumbnailUrl":"https:\/\/imdhd.org\/redlupa\/wp-content\/uploads\/2023\/10\/lupitas-1.svg","datePublished":"2023-10-20T21:14:08+00:00","dateModified":"2023-10-20T21:32:38+00:00","breadcrumb":{"@id":"https:\/\/imdhd.org\/redlupa\/sigamos-construyendo-nuestra-red\/#breadcrumb"},"inLanguage":"es","potentialAction":[{"@type":"ReadAction","target":["https:\/\/imdhd.org\/redlupa\/sigamos-construyendo-nuestra-red\/"]}]},{"@type":"ImageObject","inLanguage":"es","@id":"https:\/\/imdhd.org\/redlupa\/sigamos-construyendo-nuestra-red\/#primaryimage","url":"https:\/\/imdhd.org\/redlupa\/wp-content\/uploads\/2023\/10\/lupitas-1.svg","contentUrl":"https:\/\/imdhd.org\/redlupa\/wp-content\/uploads\/2023\/10\/lupitas-1.svg"},{"@type":"BreadcrumbList","@id":"https:\/\/imdhd.org\/redlupa\/sigamos-construyendo-nuestra-red\/#breadcrumb","itemListElement":[{"@type":"ListItem","position":1,"name":"Portada","item":"https:\/\/imdhd.org\/redlupa\/"},{"@type":"ListItem","position":2,"name":"Sigamos construyendo nuestra Red"}]},{"@type":"WebSite","@id":"https:\/\/imdhd.org\/redlupa\/#website","url":"https:\/\/imdhd.org\/redlupa\/","name":"Red Lupa - Evaluamos la Ley general en materia de desaparici&oacute;n forzada","description":"Seguimiento y vigilancia de la Ley general en materia de desaparici&oacute;n forzada de personas, desaparici&oacute;n cometida por particulares y del sistema nacional de b&uacute;squeda de personas","publisher":{"@id":"https:\/\/imdhd.org\/redlupa\/#organization"},"potentialAction":[{"@type":"SearchAction","target":{"@type":"EntryPoint","urlTemplate":"https:\/\/imdhd.org\/redlupa\/?s={search_term_string}"},"query-input":{"@type":"PropertyValueSpecification","valueRequired":true,"valueName":"search_term_string"}}],"inLanguage":"es"},{"@type":"Organization","@id":"https:\/\/imdhd.org\/redlupa\/#organization","name":"IMDHD","url":"https:\/\/imdhd.org\/redlupa\/","logo":{"@type":"ImageObject","inLanguage":"es","@id":"https:\/\/imdhd.org\/redlupa\/#\/schema\/logo\/image\/","url":"http:\/\/imdhd.org\/redlupa\/wp-content\/uploads\/2023\/08\/logo-red-busqueda-bordes-colores.svg","contentUrl":"http:\/\/imdhd.org\/redlupa\/wp-content\/uploads\/2023\/08\/logo-red-busqueda-bordes-colores.svg","width":1,"height":1,"caption":"IMDHD"},"image":{"@id":"https:\/\/imdhd.org\/redlupa\/#\/schema\/logo\/image\/"}}]}},"uagb_featured_image_src":{"full":["https:\/\/imdhd.org\/redlupa\/wp-content\/uploads\/2023\/10\/lupitas-1.svg",0,0,false],"thumbnail":["https:\/\/imdhd.org\/redlupa\/wp-content\/uploads\/2023\/10\/lupitas-1.svg",1,1,false],"medium":["https:\/\/imdhd.org\/redlupa\/wp-content\/uploads\/2023\/10\/lupitas-1.svg",1,1,false],"medium_large":["https:\/\/imdhd.org\/redlupa\/wp-content\/uploads\/2023\/10\/lupitas-1.svg",1,1,false],"large":["https:\/\/imdhd.org\/redlupa\/wp-content\/uploads\/2023\/10\/lupitas-1.svg",1,1,false],"1536x1536":["https:\/\/imdhd.org\/redlupa\/wp-content\/uploads\/2023\/10\/lupitas-1.svg",1,1,false],"2048x2048":["https:\/\/imdhd.org\/redlupa\/wp-content\/uploads\/2023\/10\/lupitas-1.svg",1,1,false],"post-thumbnail":["https:\/\/imdhd.org\/redlupa\/wp-content\/uploads\/2023\/10\/lupitas-1.svg",1,1,false]},"uagb_author_info":{"display_name":"admin","author_link":"https:\/\/imdhd.org\/redlupa\/author\/admin\/"},"uagb_comment_info":0,"uagb_excerpt":"Queremos saber qu\u00e9 te gustar\u00eda seguir encontrando en esta red virtual. Creemos que la diversidad de voces y aportes es lo que hace que esta red sea un lugar tan valioso para el intercambio de ideas y la colaboraci\u00f3n. \u00bfQu\u00e9 te gustar\u00eda encontrar en la Red? Queremos que nuestra Red sea el mejor lugar para&hellip;&hellip;","_links":{"self":[{"href":"https:\/\/imdhd.org\/redlupa\/wp-json\/wp\/v2\/pages\/2284","targetHints":{"allow":["GET"]}}],"collection":[{"href":"https:\/\/imdhd.org\/redlupa\/wp-json\/wp\/v2\/pages"}],"about":[{"href":"https:\/\/imdhd.org\/redlupa\/wp-json\/wp\/v2\/types\/page"}],"author":[{"embeddable":true,"href":"https:\/\/imdhd.org\/redlupa\/wp-json\/wp\/v2\/users\/1"}],"replies":[{"embeddable":true,"href":"https:\/\/imdhd.org\/redlupa\/wp-json\/wp\/v2\/comments?post=2284"}],"version-history":[{"count":3,"href":"https:\/\/imdhd.org\/redlupa\/wp-json\/wp\/v2\/pages\/2284\/revisions"}],"predecessor-version":[{"id":2296,"href":"https:\/\/imdhd.org\/redlupa\/wp-json\/wp\/v2\/pages\/2284\/revisions\/2296"}],"wp:featuredmedia":[{"embeddable":true,"href":"https:\/\/imdhd.org\/redlupa\/wp-json\/wp\/v2\/media\/2305"}],"wp:attachment":[{"href":"https:\/\/imdhd.org\/redlupa\/wp-json\/wp\/v2\/media?parent=2284"}],"curies":[{"name":"wp","href":"https:\/\/api.w.org\/{rel}","templated":true}]}}